{"id":8410,"date":"2016-08-17T13:47:25","date_gmt":"2016-08-17T10:47:25","guid":{"rendered":"http:\/\/atilganfightacademy.com\/?page_id=8410"},"modified":"2023-10-10T20:53:54","modified_gmt":"2023-10-10T17:53:54","slug":"hakkimizda","status":"publish","type":"page","link":"https:\/\/www.atilganfightacademy.com\/en\/hakkimizda\/","title":{"rendered":"About Us"},"content":{"rendered":"<p>At\u0131lgan Fight Academy(AFA) is one of the best locations in Ankara for combot sports training. We have everything you need ,such as speed bags, punching bags and TRX equipments. At\u0131lgan Fight Academy offers World class Kickboxing, Boxing , Muay Thai, Brazilian Jiu , Mix Martial Arts (MMA) and Cross-trainings.<\/p>\n<p>Our aim is to provide the best martial arts training at an affordable cost.\u00a0 At\u0131lgan Fight Academy also strives to instill life skills such as discipline,respect, mental-focus,self-confidence and self-esteem. All of the skills you need to cope with obstacles of everyday life.<\/p>\n<p>Our trainers help you set up and achieve your personal goals. You can take part in our group lessons ,as well as one-to-one private lessons. We offer challenging physical and mental cardiovascular training.\u00a0 Our courses offer you a fun way to increase your confidence at any age (8-65) . You\u00a0 can improve muscle strenght and flexibility, burn calories and lose weight all while learning effective self defense techniques.<\/p>\n<p>By joining our exciting and entertaining lessons, you\u2019ll have the privilege of learning how\u00a0 to protect yourself and your loved ones as well as looking and feeling great. Please stop by meet\u00a0 our trainers and see the u wating for you in our warm and friendly training environment. We are not a standart gym . If you are looking for a great place to\u00a0 learn martial arts , we are the best place for you.<\/p>\n<p><strong>Coaches and Trainers<\/strong><\/p>\n<table width=\"668\">\n<tbody>\n<tr>\n<td width=\"19\"><\/td>\n<td width=\"191\"><strong>Name<\/strong><\/td>\n<td width=\"193\"><strong>Degree<\/strong><\/td>\n<td width=\"73\"><strong>DAN <\/strong><\/td>\n<td width=\"192\"><strong>\u00a0<\/strong><\/td>\n<\/tr>\n<tr>\n<td width=\"19\"><strong>1<\/strong><\/td>\n<td width=\"191\">E. Ensar At\u0131lgan<\/td>\n<td width=\"193\">5th Rank Head Coach<\/td>\n<td width=\"73\">5.DAN<\/td>\n<td width=\"192\">International Referee<\/td>\n<\/tr>\n<tr>\n<td width=\"19\"><strong>2<\/strong><\/td>\n<td width=\"191\">\u00d6mer Faruk Yal\u00e7\u0131nda\u011f<\/td>\n<td width=\"193\">1st Rank Kickbox Coach<\/td>\n<td width=\"73\"><\/td>\n<td width=\"192\"><\/td>\n<\/tr>\n<tr>\n<td width=\"19\"><strong>3<\/strong><\/td>\n<td width=\"191\">Taylan Ke\u00e7eli<\/td>\n<td width=\"193\">1st Rank Kickbox Coach<\/td>\n<td width=\"73\"><\/td>\n<td width=\"192\"><\/td>\n<\/tr>\n<tr>\n<td width=\"19\"><strong>4<\/strong><\/td>\n<td width=\"191\">Deniz K\u00f6m\u00fcrc\u00fc<\/td>\n<td width=\"193\">Coach<\/td>\n<td width=\"73\"><\/td>\n<td width=\"192\"><\/td>\n<\/tr>\n<tr>\n<td width=\"19\"><strong>5<\/strong><\/td>\n<td width=\"191\">Seher G\u00fcm\u00fc\u015f<\/td>\n<td width=\"193\">Coach<\/td>\n<td width=\"73\"><\/td>\n<td width=\"192\"><\/td>\n<\/tr>\n<\/tbody>\n<\/table>\n<p><strong>\u00a0<\/strong><\/p>","protected":false},"excerpt":{"rendered":"<p>At\u0131lgan Fight Academy(AFA) is one of the best locations in Ankara for combot sports training. We have everything you need ,such as speed bags, punching bags and TRX equipments. At\u0131lgan Fight Academy offers World class Kickboxing,&#8230; <a href=\"https:\/\/www.atilganfightacademy.com\/en\/hakkimizda\/\" class=\"colr read-more\">Read More<\/a><\/p>\n","protected":false},"author":1,"featured_media":0,"parent":0,"menu_order":0,"comment_status":"closed","ping_status":"closed","template":"","meta":{"footnotes":""},"class_list":["post-8410","page","type-page","status-publish","hentry"],"aioseo_notices":[],"jetpack_sharing_enabled":true,"_links":{"self":[{"href":"https:\/\/www.atilganfightacademy.com\/en\/wp-json\/wp\/v2\/pages\/8410","targetHints":{"allow":["GET"]}}],"collection":[{"href":"https:\/\/www.atilganfightacademy.com\/en\/wp-json\/wp\/v2\/pages"}],"about":[{"href":"https:\/\/www.atilganfightacademy.com\/en\/wp-json\/wp\/v2\/types\/page"}],"author":[{"embeddable":true,"href":"https:\/\/www.atilganfightacademy.com\/en\/wp-json\/wp\/v2\/users\/1"}],"replies":[{"embeddable":true,"href":"https:\/\/www.atilganfightacademy.com\/en\/wp-json\/wp\/v2\/comments?post=8410"}],"version-history":[{"count":29,"href":"https:\/\/www.atilganfightacademy.com\/en\/wp-json\/wp\/v2\/pages\/8410\/revisions"}],"predecessor-version":[{"id":9079,"href":"https:\/\/www.atilganfightacademy.com\/en\/wp-json\/wp\/v2\/pages\/8410\/revisions\/9079"}],"wp:attachment":[{"href":"https:\/\/www.atilganfightacademy.com\/en\/wp-json\/wp\/v2\/media?parent=8410"}],"curies":[{"name":"wp","href":"https:\/\/api.w.org\/{rel}","templated":true}]}}