{"id":8531,"date":"2019-02-09T12:36:45","date_gmt":"2019-02-09T10:36:45","guid":{"rendered":"http:\/\/www.atilganfightacademy.com\/?page_id=8531"},"modified":"2019-02-09T12:40:48","modified_gmt":"2019-02-09T10:40:48","slug":"formlar","status":"publish","type":"page","link":"https:\/\/www.atilganfightacademy.com\/en\/formlar\/","title":{"rendered":"Forms"},"content":{"rendered":"<p><div class=\"button\"><a href=\"http:\/\/www.atilganfightacademy.com\/form\/uye-kayit-formu.doc\" class=\"medium-btn rounded\" target=\"_blank\" style=\" cursor:pointer; color:#COLOR_CODE ;background-color:#COLOR_CODE\">\u00dcye Kay\u0131t Formu<\/a><\/div><div class=\"button\"><a href=\"http:\/\/www.atilganfightacademy.com\/form\/ilisiksiz-belgesi.doc\" class=\"medium-btn rounded\" target=\"_blank\" style=\" cursor:pointer; color:#COLOR_CODE ;background-color:#000\">\u0130li\u015fiksiz Belgesi<\/a><\/div><div class=\"button\"><a href=\"http:\/\/www.atilganfightacademy.com\/form\/klup-izin-yazisi.doc\" class=\"medium-btn rounded\" target=\"_blank\" style=\" cursor:pointer; color:#COLOR_CODE ;background-color:#b30000\">Kl\u00fcp \u0130zin Yaz\u0131s\u0131<\/a><\/div><div class=\"button\"><a href=\"http:\/\/www.atilganfightacademy.com\/form\/kusak-sinav-bilgi-formu.doc\" class=\"medium-btn rounded\" target=\"_blank\" style=\" cursor:pointer; color:#COLOR_CODE ;background-color:#428bca\">Ku\u015fak S\u0131nav Bilgi Formu<\/a><\/div><div class=\"button\"><a href=\"http:\/\/www.atilganfightacademy.com\/form\/saglik-izin-belgesi.doc\" class=\"medium-btn rounded\" target=\"_blank\" style=\" cursor:pointer; color:#COLOR_CODE ;background-color:#c37795\">Sa\u011fl\u0131k \u0130zin Belgesi<\/a><\/div><div class=\"button\"><a href=\"http:\/\/www.atilganfightacademy.com\/form\/taahhutname.doc\" class=\"medium-btn rounded\" target=\"_blank\" style=\" cursor:pointer; color:#COLOR_CODE ;background-color:#dcbc2a\">Taahh\u00fctname<\/a><\/div><div class=\"button\"><a href=\"http:\/\/www.atilganfightacademy.com\/form\/tarti-fisi.doc\" class=\"medium-btn rounded\" target=\"_blank\" style=\" cursor:pointer; color:#COLOR_CODE ;background-color:#62238c\">Tart\u0131 Fi\u015fi<\/a><\/div><div class=\"button\"><a href=\"http:\/\/www.atilganfightacademy.com\/form\/tescil-fisi.doc\" class=\"medium-btn rounded\" target=\"_blank\" style=\" cursor:pointer; color:#COLOR_CODE ;background-color:#1a9493\">Tescil Fi\u015fi<\/a><\/div><\/p>\n<p>&nbsp;<\/p>\n","protected":false},"excerpt":{"rendered":"<p>&nbsp;<\/p>\n","protected":false},"author":1,"featured_media":0,"parent":0,"menu_order":0,"comment_status":"closed","ping_status":"closed","template":"","meta":{"footnotes":""},"class_list":["post-8531","page","type-page","status-publish","hentry"],"aioseo_notices":[],"jetpack_sharing_enabled":true,"_links":{"self":[{"href":"https:\/\/www.atilganfightacademy.com\/en\/wp-json\/wp\/v2\/pages\/8531","targetHints":{"allow":["GET"]}}],"collection":[{"href":"https:\/\/www.atilganfightacademy.com\/en\/wp-json\/wp\/v2\/pages"}],"about":[{"href":"https:\/\/www.atilganfightacademy.com\/en\/wp-json\/wp\/v2\/types\/page"}],"author":[{"embeddable":true,"href":"https:\/\/www.atilganfightacademy.com\/en\/wp-json\/wp\/v2\/users\/1"}],"replies":[{"embeddable":true,"href":"https:\/\/www.atilganfightacademy.com\/en\/wp-json\/wp\/v2\/comments?post=8531"}],"version-history":[{"count":5,"href":"https:\/\/www.atilganfightacademy.com\/en\/wp-json\/wp\/v2\/pages\/8531\/revisions"}],"predecessor-version":[{"id":8537,"href":"https:\/\/www.atilganfightacademy.com\/en\/wp-json\/wp\/v2\/pages\/8531\/revisions\/8537"}],"wp:attachment":[{"href":"https:\/\/www.atilganfightacademy.com\/en\/wp-json\/wp\/v2\/media?parent=8531"}],"curies":[{"name":"wp","href":"https:\/\/api.w.org\/{rel}","templated":true}]}}